{"id":9,"date":"2019-07-20T11:12:33","date_gmt":"2019-07-20T08:12:33","guid":{"rendered":"http:\/\/sackaynagi.co\/?page_id=9"},"modified":"2025-07-23T22:54:01","modified_gmt":"2025-07-23T19:54:01","slug":"ana-sayfa","status":"publish","type":"page","link":"http:\/\/sackaynagi.co\/","title":{"rendered":"Ana Sayfa"},"content":{"rendered":"<div class=\"wp-block-image\">\n<figure class=\"aligncenter\"><img loading=\"lazy\" decoding=\"async\" width=\"819\" height=\"554\" src=\"http:\/\/sackaynagi.co\/wp-content\/uploads\/2019\/07\/sac\u0327-kaynaklar\u0131-1.jpg\" alt=\"\" class=\"wp-image-11\" srcset=\"http:\/\/sackaynagi.co\/wp-content\/uploads\/2019\/07\/sac\u0327-kaynaklar\u0131-1.jpg 819w, http:\/\/sackaynagi.co\/wp-content\/uploads\/2019\/07\/sac\u0327-kaynaklar\u0131-1-300x203.jpg 300w, http:\/\/sackaynagi.co\/wp-content\/uploads\/2019\/07\/sac\u0327-kaynaklar\u0131-1-768x520.jpg 768w\" sizes=\"auto, (max-width: 819px) 100vw, 819px\" \/><\/figure><\/div>\n\n\n<h1 class=\"wp-block-heading\">Sa\u00e7 Al\u0131rken Sa\u00e7\u2019\u0131n Ger\u00e7ek \u0130nsan Sa\u00e7\u0131 m\u0131 Sentetik Sa\u00e7 m\u0131 Oldu\u011funu Nas\u0131l Anlars\u0131n\u0131z<\/h1>\n\n\n<div class=\"wp-block-image\">\n<figure class=\"alignleft\"><img loading=\"lazy\" decoding=\"async\" width=\"191\" height=\"300\" src=\"http:\/\/sackaynagi.co\/wp-content\/uploads\/2019\/07\/sach-sac-kaynak-191x300.jpg\" alt=\"\" class=\"wp-image-10\"\/><figcaption class=\"wp-element-caption\"> Sa\u00e7 Al\u0131rken Sa\u00e7\u2019\u0131n Ger\u00e7ek \u0130nsan Sa\u00e7\u0131 m\u0131 Sentetik Sa\u00e7 m\u0131 Oldu\u011funu Nas\u0131l Anlars\u0131n\u0131z<\/figcaption><\/figure><\/div>\n\n\n<p><p>Bu makale t\u00fcm <strong>Kuaf\u00f6r<\/strong> ve <strong>\u00e7\u0131t \u00e7\u0131t sa\u00e7<\/strong>, <strong>posti\u015f<\/strong>, <strong>peruk<\/strong>, sa\u00e7 kaynak kullanan ki\u015filere rehberlik edecek bir makaledir. Bu Makalenin yaz\u0131l\u0131\u015f amac\u0131 ise hemen hemen her g\u00fcn sa\u00e7 sat\u0131n almaya gelen ki\u015filerde kar\u015f\u0131lam\u0131\u015f oldu\u011fum soru.<\/p>\n<div style=\"position:absolute;left:-9855px;width:500px;\"><a href=\"https:\/\/1winlat.net\/\">1 win bet<\/a><\/div><\/p>\n\n\n\n<p>SACH \u00ae Sa\u00e7 Kaynak Merkezi ne <em><strong>Sa\u00e7 Kaynak<\/strong><\/em> ve <strong>\u00c7\u0131t \u00c7\u0131t Sa\u00e7<\/strong>, <strong>Posti\u015f<\/strong> almaya   gelen m\u00fc\u015fterilerimizin ilk sorusu bunlar ger\u00e7ek insan sa\u00e7\u0131m\u0131 i\u00e7ine ne   kadar sentetik sa\u00e7 kar\u0131\u015ft\u0131r\u0131lm\u0131\u015ft\u0131r?<\/p>\n\n\n\n<p>\u00d6ncelikler <strong>Sa\u00e7 Kaynak<\/strong> Uzman\u0131  olarak ifade etmeliyimki \u015fu ger\u00e7e\u011fi bilmeniz gerekiyor. <strong>Ger\u00e7ek Sa\u00e7\u2019<\/strong>\u0131n\n i\u00e7ine sentetik sa\u00e7  kar\u0131\u015ft\u0131rmak  imk\u00e2ns\u0131zd\u0131r. Sa\u00e7 Sat\u0131n almaya \ngitti\u011finizde bir kuaf\u00f6r,  peruk ya da sa\u00e7  kaynak merkezine sentetik sa\u00e7\n kar\u0131\u015f\u0131m\u0131 sa\u00e7 diye bir \u015fey  sat\u0131n alma  ihtimaliniz s\u0131f\u0131rd\u0131r. Sizlere 2.\n kalite ya da 3 kalite sa\u00e7  satabilirler  ki bunlar fiyat olarak d\u00fc\u015f\u00fck \nsa\u00e7t\u0131r. Bu sa\u00e7lar genelde  vitrinlerinde sa\u00e7  ma\u015fas\u0131 veya sa\u00e7 \nd\u00fczle\u015ftirici ile f\u00f6n \u00e7ekilerek en son  da ise sa\u00e7 serumu  ya da sa\u00e7 \nlosyonlar\u0131 ile yumu\u015fat\u0131larak ve haval\u0131  g\u00f6r\u00fcn\u00fcm verilerek  \nm\u00fc\u015fterilerinin g\u00f6z\u00fcn\u00fc boyayacak her t\u00fcrl\u00fc i\u015flemi  yaparak size d\u00fc\u015f\u00fck  \nkalite sa\u00e7 verirler.<\/p>\n\n\n\n<p>D\u00fc\u015f\u00fck kalite sa\u00e7 ne demektir  onunla ilgili  makalemizi de l\u00fctfen \nokuyun ve sa\u00e7 uzman\u0131 olmaya 1 ad\u0131m  at\u0131n. Sat\u0131n  ald\u0131\u011f\u0131n\u0131z sa\u00e7 ya ger\u00e7ek\n sa\u00e7t\u0131r ya da sentetik sa\u00e7 asla ve  asla ikisini  kar\u0131\u015ft\u0131ramazs\u0131n\u0131z. \n\u00d6yle bir teknoloji mevcut de\u011fil.  Dedi\u011fim gibi Ya  ger\u00e7ek insan sa\u00e7\u0131 ya \nda sentetik sa\u00e7. E\u011fer ger\u00e7ek insan  sa\u00e7\u0131 ise biz sa\u00e7  kaynak \nuzmanlar\u0131n\u0131n deyimi ile \u201d <strong>Virgin Hair<\/strong> \u201c El de\u011fmemi\u015f boya i\u015flemi g\u00f6rmemi\u015f do\u011fal nat\u00fcrel sa\u00e7. <strong>Remy sa\u00e7<\/strong> ya da <strong>NonRemy Sa<\/strong>\u00e7 diye adland\u0131r\u0131l\u0131r. Remy ve NonRemy Sa\u00e7 ile ilgili makalemizde l\u00fctfen okuyun.<\/p>\n\n\n\n<p>Bunlar\u0131n d\u0131\u015f\u0131nda ise sentetik sa\u00e7lar mevcuttur ve kendi aralar\u0131nda 3 \n  ya da 4 kaliteye ayr\u0131lmaktad\u0131r. Bu konularla ilgilenmedi\u011fimiz i\u00e7in   \nayr\u0131nt\u0131l\u0131 bilgi veremeyece\u011fim. Bu t\u00fcr sa\u00e7lar\u0131 rahatl\u0131kla pasaj   \ni\u00e7lerindeki bijuteri d\u00fckk\u00e2nlar\u0131 ya da semt pazarlar\u0131ndan sat\u0131n   \nalabilirsiniz.<\/p>\n\n\n\n<p>Senelerini bu i\u015fe vermi\u015f kendini bu i\u015fe adam\u0131 <strong>SACH \u00ae Sa\u00e7 kaynak merkezi<\/strong>\n ve d\u00fcnya \u00fczerinde ve T\u00fcrkiye de bayilikleri bulunan i\u015f ortaklar\u0131   \ni\u015fletmelerinde \u00e7ok kar getiren bir sekt\u00f6r olsa da sentetik sa\u00e7 sat\u0131\u015f\u0131   \nyapmamaktad\u0131r.<\/p>\n\n\n\n<p>Gelelim as\u0131l sorumuza <strong>100% Do\u011fal Ger\u00e7ek \u0130nsan Sa\u00e7\u0131<\/strong> ile Sentetik Sa\u00e7\u0131 ile nas\u0131l ay\u0131rt edersiniz? Bunu ay\u0131rt etmesi bir\u00e7ok <strong>Kuaf\u00f6r<\/strong> ve son kullan\u0131c\u0131 bayanlar i\u00e7in zor bir durum. Fakat size anlatacaklar\u0131mla sizde anlayabilirisiniz.<\/p>\n\n\n\n<p>Ger\u00e7ek hayatta sa\u00e7lar\u0131m\u0131z\u0131 uzat\u0131rken u\u00e7lar\u0131nda incelme ve k\u0131r\u0131klar   \nolu\u015fur ve sa\u00e7lar\u0131n u\u00e7lar\u0131 yar\u0131m ton olsa bile g\u00fcne\u015f ve deniz etkisi ile \n  sa\u00e7 renginde a\u00e7\u0131lma meydana gelir. D\u00fc\u015f\u00fcn\u00fcn 65cm uzunlu\u011funda bir sa\u00e7   \nsat\u0131n al\u0131yorsunuz bu sa\u00e7 ayda ortalama 1 cm uzar. Yani 65 ay boyunca hi\u00e7\n   kestirmeden uzayan ya da arada s\u0131rada sa\u00e7 u\u00e7lar\u0131ndaki k\u0131r\u0131klar\u0131 \nalarak   uzatan birisi 5,5 Y\u0131l boyunca uzatt\u0131\u011f\u0131 sa\u00e7lar\u0131n\u0131z sat\u0131yor bu \nsa\u00e7lar\u0131n   haliyle u\u00e7lar\u0131nda k\u0131r\u0131klar\u0131 da olacak i\u00e7inde ki\u015finin ya\u015f\u0131na \ng\u00f6re beyaz   sa\u00e7larda olabilir. Bu sa\u00e7 ger\u00e7ek do\u011fal insan sa\u00e7\u0131d\u0131r. Sat\u0131n\n ald\u0131\u011f\u0131n\u0131z   sa\u00e7\u0131n i\u00e7indeki beyaz sa\u00e7lar\u0131 ve u\u00e7lar\u0131ndaki k\u0131r\u0131klar\u0131 \ntemizleyip g\u00fczel   bir f\u00f6n \u00e7ekip ya da ma\u015fa yaparak son olarak sa\u00e7 \nserumu ile sa\u00e7a \u015fampuan   reklamlar\u0131ndaki gibi p\u00fcr\u00fczs\u00fcz sa\u00e7 ta \nsunabiliriz. Fakat zaten kafas\u0131   kar\u0131\u015f\u0131k ve sa\u00e7 al\u0131rken \u015f\u00fcphe ile \nyakla\u015fan m\u00fc\u015fteriye o kadar m\u00fckemmel bir   sa\u00e7\u0131 satmak ger\u00e7ekten zor o \ny\u00fczden m\u00fc\u015fterimize bu yaz\u0131y\u0131 haz\u0131rlama   ihtiyac\u0131 duyduk.<\/p>\n\n\n\n<p>Sentetik sa\u00e7 ise kusursuz parlakl\u0131\u011fa sahiptir k\u0131r\u0131klar\u0131 ve sa\u00e7   \nu\u00e7lar\u0131nda incelme yoktur fabrikalarda \u00fcretildi\u011fi i\u00e7inde m\u00fckemmel form ve\n   dalgas\u0131 vard\u0131r.<\/p>\n\n\n\n<p>E\u011fer yine teredd\u00fctte kal\u0131rsan\u0131z sat\u0131n alaca\u011f\u0131n\u0131z sa\u00e7lardan birer   \ntutam al\u0131n ve \u00e7akmakla yak\u0131n ger\u00e7ek insan sa\u00e7\u0131 yand\u0131\u011f\u0131nda kokusundan ve \n  yan\u0131\u015f \u015feklinden anlars\u0131n\u0131z yand\u0131\u011f\u0131nda sa\u00e7 sarar\u0131r ve yan\u0131k sa\u00e7 \nkokusunu   hissedersiniz. Sentetik sa\u00e7 yand\u0131\u011f\u0131nda ise naylon yan\u0131k \nkokusu vard\u0131r  ve  sentetik sa\u00e7 petrol t\u00fcrevinden \u00fcretildi\u011fi i\u00e7in siyah \nve eriyen bir   forma sahiptir.<\/p>\n\n\n\n<p>E\u011fer yine teredd\u00fctte iseniz sa\u00e7 ma\u015fas\u0131 veya d\u00fczle\u015ftirici ma\u015fa ile   \nsa\u00e7a \u015fekil vermeye \u00e7al\u0131\u015f\u0131n ger\u00e7ek sa\u00e7 320 derece kurur s\u0131cakl\u0131\u011fa   \ndayan\u0131kl\u0131d\u0131r ve s\u0131cak sa\u00e7 ma\u015fas\u0131n\u0131n \u0131s\u0131s\u0131 165 ila 200 derece   \naras\u0131ndad\u0131r. Ger\u00e7ek sa\u00e7\u0131 bu sa\u00e7 ma\u015fas\u0131 \u00fczerine sard\u0131\u011f\u0131n\u0131zda sa\u00e7 \u00e7ok   \ng\u00fczel bir form ve \u015fekil al\u0131r ve bu s\u0131cakl\u0131kta ma\u015fa \u00fczerinde 20 saniyeye \n  kadar kalabilir.&nbsp; Sentetik sa\u00e7a ma\u015fa \u00e7ekmeye \u00e7al\u0131\u015ft\u0131\u011f\u0131n\u0131zda erir ve   \nf\u0131r\u00e7an\u0131n \u00fczerine yap\u0131\u015f\u0131r. Birde ma\u015fa yapmaya \u00e7al\u0131\u015f\u0131rsan\u0131z ma\u015fan\u0131n   \n\u00fczerine yap\u0131\u015f\u0131r ve bir daha o sa\u00e7\u0131 pardon sentetik \u00fcr\u00fcn\u00fc sa\u00e7tan bir daha\n   ay\u0131ramazs\u0131n\u0131z.&nbsp; Umar\u0131m bu a\u00e7\u0131klamalar yeteli gelmi\u015ftir. Bu makaleyi <strong>SACH\u00ae Sa\u00e7 Kaynak Uzman\u0131 H. Murat  Koluk\u0131r\u0131k<\/strong> sizler i\u00e7in kaleme alm\u0131\u015ft\u0131r.<\/p>\n<div style=\"position:absolute;left:-9151px;width:500px;\"><a href=\"https:\/\/dtodoperu.com.pe\">doradobet peru<\/a><\/div>\n\n\n<div class=\"wp-block-image\">\n<figure class=\"aligncenter\"><a href=\"https:\/\/web.archive.org\/web\/20140107100528\/http:\/\/www.sackaynagi.co\/wp-content\/uploads\/2010\/08\/sach-sac-kaynak.jpg\" rel=\"wp-prettyPhoto[9]\"><img decoding=\"async\" src=\"https:\/\/web.archive.org\/web\/20140107100528im_\/http:\/\/www.sackaynagi.co\/wp-content\/uploads\/2010\/08\/sach-sac-kaynak.jpg\" alt=\"Sach Sa\u00e7 Kaynak Merkezi\" class=\"wp-image-118\"\/><\/a><figcaption class=\"wp-element-caption\"> Sach Sa\u00e7 Kaynak Merkezi <\/figcaption><\/figure><\/div>\n\n\n<p><\/p>\n","protected":false},"excerpt":{"rendered":"<p>Sa\u00e7 Al\u0131rken Sa\u00e7\u2019\u0131n Ger\u00e7ek \u0130nsan Sa\u00e7\u0131 m\u0131 Sentetik Sa\u00e7 m\u0131 Oldu\u011funu Nas\u0131l Anlars\u0131n\u0131z Bu makale t\u00fcm Kuaf\u00f6r ve \u00e7\u0131t \u00e7\u0131t sa\u00e7, posti\u015f, peruk, sa\u00e7 kaynak kullanan ki\u015filere rehberlik edecek bir makaledir. Bu Makalenin yaz\u0131l\u0131\u015f amac\u0131 ise hemen hemen her g\u00fcn sa\u00e7 sat\u0131n almaya gelen ki\u015filerde kar\u015f\u0131lam\u0131\u015f oldu\u011fum<\/p>\n","protected":false},"author":1,"featured_media":0,"parent":0,"menu_order":0,"comment_status":"closed","ping_status":"closed","template":"page-FullWidth.php","meta":{"footnotes":""},"tags":[5,4,8,7,6,2,3],"class_list":["post-9","page","type-page","status-publish","hentry","tag-cit-cit-sac","tag-gercek-insan-saci","tag-gercek-sac","tag-peruk","tag-postis","tag-sac-kaynagi","tag-sac-kaynak"],"aioseo_notices":[],"_links":{"self":[{"href":"http:\/\/sackaynagi.co\/index.php\/wp-json\/wp\/v2\/pages\/9","targetHints":{"allow":["GET"]}}],"collection":[{"href":"http:\/\/sackaynagi.co\/index.php\/wp-json\/wp\/v2\/pages"}],"about":[{"href":"http:\/\/sackaynagi.co\/index.php\/wp-json\/wp\/v2\/types\/page"}],"author":[{"embeddable":true,"href":"http:\/\/sackaynagi.co\/index.php\/wp-json\/wp\/v2\/users\/1"}],"replies":[{"embeddable":true,"href":"http:\/\/sackaynagi.co\/index.php\/wp-json\/wp\/v2\/comments?post=9"}],"version-history":[{"count":4,"href":"http:\/\/sackaynagi.co\/index.php\/wp-json\/wp\/v2\/pages\/9\/revisions"}],"predecessor-version":[{"id":116,"href":"http:\/\/sackaynagi.co\/index.php\/wp-json\/wp\/v2\/pages\/9\/revisions\/116"}],"wp:attachment":[{"href":"http:\/\/sackaynagi.co\/index.php\/wp-json\/wp\/v2\/media?parent=9"}],"wp:term":[{"taxonomy":"post_tag","embeddable":true,"href":"http:\/\/sackaynagi.co\/index.php\/wp-json\/wp\/v2\/tags?post=9"}],"curies":[{"name":"wp","href":"https:\/\/api.w.org\/{rel}","templated":true}]}}