{"id":21,"date":"2019-07-20T11:19:01","date_gmt":"2019-07-20T08:19:01","guid":{"rendered":"http:\/\/sackaynagi.co\/?page_id=21"},"modified":"2019-08-23T10:01:17","modified_gmt":"2019-08-23T07:01:17","slug":"postis","status":"publish","type":"page","link":"http:\/\/sackaynagi.co\/index.php\/postis\/","title":{"rendered":"Posti\u015f"},"content":{"rendered":"\n<h2 class=\"wp-block-heading\">Posti\u015f Sa\u00e7<\/h2>\n\n\n\n<h1 class=\"wp-block-heading\"><a href=\"https:\/\/web.archive.org\/web\/20140103211024\/http:\/\/www.sackaynagi.co\/wp-content\/uploads\/2010\/09\/tress_sac-23.jpg\" rel=\"wp-prettyPhoto[21]\"><\/a><\/h1>\n\n\n\n<p><strong>Sa\u00e7 uzatma<\/strong> sistemlerini incledi\u011fimizde <a href=\"http:\/\/www.sackaynagi.co\/?s=sa%C3%A7+kaynak&amp;search=Search\">Sa\u00e7 kaynak<\/a>, <a href=\"http:\/\/www.sackaynagi.co\/?s=%C3%A7%C4%B1t+%C3%A7%C4%B1t&amp;search=Search\">\u00c7\u0131t \u00c7\u0131t <\/a>ve  Posti\u015f olarak \u00fc\u00e7 farkl\u0131 sistemde kar\u015f\u0131m\u0131za \u00e7\u0131kmaktad\u0131r. Bu saym\u0131\u015f  oldu\u011fum Sa\u00e7 uzatma ve yo\u011funla\u015ft\u0131rma sistemlerinden i\u00e7eleinde en pratik  ve k\u0131s\u0131tl\u0131 amaca hizmet eden sa\u00e7 uzatma y\u00f6ntemi <a href=\"http:\/\/www.sackaynagi.co\/?s=posti%C5%9F&amp;search=Search\">Posti\u015f<\/a>  dir.&nbsp; Posti\u015f k\u0131s\u0131tl\u0131 bir kullan\u0131m alan\u0131na sahiptir tepeden atkuyru\u011fu  modeli ya da enseden lastikle ba\u011flayarak yada sa\u00e7 toplarken topuz  aksesuar\u0131 olarak kullan\u0131l\u0131r. Topuz aksesuar\u0131 olraka y\u00fczlerce de\u011fi\u015fik  model<\/p>\n\n\n\n<p>uygulamas\u0131n\u0131n yan\u0131 s\u0131ra sa\u00e7 \u00f6rg\u00fc ve di\u011fer model uygulamalar\u0131 ile \nsa\u00e7lar\u0131n\u0131z i\u00e7in Posti\u015f rahatl\u0131kla tercih edilebilecek bir sa\u00e7 uzatma \ny\u00f6ntemidir.<\/p>\n\n\n\n<p>Posti\u015f sa\u00e7 bir file \u00fczerine tress lenmi\u015f sa\u00e7lar\u0131n dikilmesi ile \nyap\u0131lmaktad\u0131r. Posti\u015fi sa\u00e7a tutturmak i\u00e7in bir sa\u00e7 lasti\u011fi yada tarak \nkullanabilirsiniz.<\/p>\n\n\n\n<div class=\"wp-block-image\"><figure class=\"alignleft\"><a href=\"https:\/\/web.archive.org\/web\/20140103211024\/http:\/\/www.sackaynagi.co\/wp-content\/uploads\/2010\/09\/tress_sac-22.jpg\" rel=\"wp-prettyPhoto[21]\"><img decoding=\"async\" src=\"https:\/\/web.archive.org\/web\/20140103211024im_\/http:\/\/www.sackaynagi.co\/wp-content\/uploads\/2010\/09\/tress_sac-22-225x300.jpg\" alt=\"Posti\u015f\" class=\"wp-image-97\"\/><\/a><\/figure><\/div>\n\n\n\n<div class=\"wp-block-image\"><figure class=\"alignleft\"><a href=\"https:\/\/web.archive.org\/web\/20140103211024\/http:\/\/www.sackaynagi.co\/wp-content\/uploads\/2010\/09\/tress_sac-21.jpg\" rel=\"wp-prettyPhoto[21]\"><img decoding=\"async\" src=\"https:\/\/web.archive.org\/web\/20140103211024im_\/http:\/\/www.sackaynagi.co\/wp-content\/uploads\/2010\/09\/tress_sac-21-225x300.jpg\" alt=\"Posti\u015f\" class=\"wp-image-96\"\/><\/a><\/figure><\/div>\n\n\n\n<div class=\"wp-block-image\"><figure class=\"alignleft\"><a href=\"https:\/\/web.archive.org\/web\/20140103211024\/http:\/\/www.sackaynagi.co\/wp-content\/uploads\/2010\/09\/tress_sac-20.jpg\" rel=\"wp-prettyPhoto[21]\"><img decoding=\"async\" src=\"https:\/\/web.archive.org\/web\/20140103211024im_\/http:\/\/www.sackaynagi.co\/wp-content\/uploads\/2010\/09\/tress_sac-20-225x300.jpg\" alt=\"Posti\u015f\" class=\"wp-image-95\"\/><\/a><\/figure><\/div>\n\n\n\n<div class=\"wp-block-image\"><figure class=\"alignleft\"><a href=\"https:\/\/web.archive.org\/web\/20140103211024\/http:\/\/www.sackaynagi.co\/wp-content\/uploads\/2010\/09\/tress_sac-19.jpg\" rel=\"wp-prettyPhoto[21]\"><img decoding=\"async\" src=\"https:\/\/web.archive.org\/web\/20140103211024im_\/http:\/\/www.sackaynagi.co\/wp-content\/uploads\/2010\/09\/tress_sac-19-225x300.jpg\" alt=\"Posti\u015f\" class=\"wp-image-94\"\/><\/a><\/figure><\/div>\n\n\n\n<div class=\"wp-block-image\"><figure class=\"alignleft\"><a href=\"https:\/\/web.archive.org\/web\/20140103211024\/http:\/\/www.sackaynagi.co\/wp-content\/uploads\/2010\/09\/tress_sac-16.jpg\" rel=\"wp-prettyPhoto[21]\"><img decoding=\"async\" src=\"https:\/\/web.archive.org\/web\/20140103211024im_\/http:\/\/www.sackaynagi.co\/wp-content\/uploads\/2010\/09\/tress_sac-16-225x300.jpg\" alt=\"Posti\u015f\" class=\"wp-image-91\"\/><\/a><\/figure><\/div>\n\n\n\n<div class=\"wp-block-image\"><figure class=\"alignleft\"><a href=\"https:\/\/web.archive.org\/web\/20140103211024\/http:\/\/www.sackaynagi.co\/wp-content\/uploads\/2010\/09\/tress_sac-5.jpg\" rel=\"wp-prettyPhoto[21]\"><img decoding=\"async\" src=\"https:\/\/web.archive.org\/web\/20140103211024im_\/http:\/\/www.sackaynagi.co\/wp-content\/uploads\/2010\/09\/tress_sac-5-225x300.jpg\" alt=\"Posti\u015f\" class=\"wp-image-80\"\/><\/a><\/figure><\/div>\n\n\n\n<div class=\"wp-block-image\"><figure class=\"alignleft\"><a href=\"https:\/\/web.archive.org\/web\/20140103211024\/http:\/\/www.sackaynagi.co\/wp-content\/uploads\/2010\/09\/tress_sac-6.jpg\" rel=\"wp-prettyPhoto[21]\"><img decoding=\"async\" src=\"https:\/\/web.archive.org\/web\/20140103211024im_\/http:\/\/www.sackaynagi.co\/wp-content\/uploads\/2010\/09\/tress_sac-6-225x300.jpg\" alt=\"Posti\u015f\" class=\"wp-image-81\"\/><\/a><\/figure><\/div>\n\n\n\n<div class=\"wp-block-image\"><figure class=\"alignleft\"><a href=\"https:\/\/web.archive.org\/web\/20140103211024\/http:\/\/www.sackaynagi.co\/wp-content\/uploads\/2010\/09\/tress_sac-7.jpg\" rel=\"wp-prettyPhoto[21]\"><img decoding=\"async\" src=\"https:\/\/web.archive.org\/web\/20140103211024im_\/http:\/\/www.sackaynagi.co\/wp-content\/uploads\/2010\/09\/tress_sac-7-225x300.jpg\" alt=\"Posti\u015f\" class=\"wp-image-82\"\/><\/a><\/figure><\/div>\n\n\n\n<div class=\"wp-block-image\"><figure class=\"alignleft\"><a href=\"https:\/\/web.archive.org\/web\/20140103211024\/http:\/\/www.sackaynagi.co\/wp-content\/uploads\/2010\/09\/tress_sac-15.jpg\" rel=\"wp-prettyPhoto[21]\"><img decoding=\"async\" src=\"https:\/\/web.archive.org\/web\/20140103211024im_\/http:\/\/www.sackaynagi.co\/wp-content\/uploads\/2010\/09\/tress_sac-15-225x300.jpg\" alt=\"Posti\u015f\" class=\"wp-image-90\"\/><\/a><\/figure><\/div>\n\n\n\n<div class=\"wp-block-image\"><figure class=\"alignleft\"><a href=\"https:\/\/web.archive.org\/web\/20140103211024\/http:\/\/www.sackaynagi.co\/wp-content\/uploads\/2010\/09\/tress_sac-16.jpg\" rel=\"wp-prettyPhoto[21]\"><img decoding=\"async\" src=\"https:\/\/web.archive.org\/web\/20140103211024im_\/http:\/\/www.sackaynagi.co\/wp-content\/uploads\/2010\/09\/tress_sac-16-225x300.jpg\" alt=\"Posti\u015f\" class=\"wp-image-91\"\/><\/a><\/figure><\/div>\n\n\n\n<div class=\"wp-block-image\"><figure class=\"alignleft\"><a href=\"https:\/\/web.archive.org\/web\/20140103211024\/http:\/\/www.sackaynagi.co\/wp-content\/uploads\/2010\/09\/tress_sac-20.jpg\" rel=\"wp-prettyPhoto[21]\"><img decoding=\"async\" src=\"https:\/\/web.archive.org\/web\/20140103211024im_\/http:\/\/www.sackaynagi.co\/wp-content\/uploads\/2010\/09\/tress_sac-20-225x300.jpg\" alt=\"Posti\u015f\" class=\"wp-image-95\"\/><\/a><\/figure><\/div>\n\n\n\n<div class=\"wp-block-image\"><figure class=\"alignleft\"><a href=\"https:\/\/web.archive.org\/web\/20140103211024\/http:\/\/www.sackaynagi.co\/wp-content\/uploads\/2010\/09\/tress_sac-20.jpg\" rel=\"wp-prettyPhoto[21]\"><img decoding=\"async\" src=\"https:\/\/web.archive.org\/web\/20140103211024im_\/http:\/\/www.sackaynagi.co\/wp-content\/uploads\/2010\/09\/tress_sac-20-225x300.jpg\" alt=\"Posti\u015f\" class=\"wp-image-95\"\/><\/a><\/figure><\/div>\n\n\n\n<div class=\"wp-block-image\"><figure class=\"alignleft\"><a href=\"https:\/\/web.archive.org\/web\/20140103211024\/http:\/\/www.sackaynagi.co\/wp-content\/uploads\/2010\/09\/tress_sac-14.jpg\" rel=\"wp-prettyPhoto[21]\"><img decoding=\"async\" src=\"https:\/\/web.archive.org\/web\/20140103211024im_\/http:\/\/www.sackaynagi.co\/wp-content\/uploads\/2010\/09\/tress_sac-14-225x300.jpg\" alt=\"Posti\u015f\" class=\"wp-image-89\"\/><\/a><\/figure><\/div>\n\n\n\n<div class=\"wp-block-image\"><figure class=\"alignleft\"><a href=\"https:\/\/web.archive.org\/web\/20140103211024\/http:\/\/www.sackaynagi.co\/wp-content\/uploads\/2010\/09\/tress_sac-10.jpg\" rel=\"wp-prettyPhoto[21]\"><img decoding=\"async\" src=\"https:\/\/web.archive.org\/web\/20140103211024im_\/http:\/\/www.sackaynagi.co\/wp-content\/uploads\/2010\/09\/tress_sac-10-225x300.jpg\" alt=\"Posti\u015f\" class=\"wp-image-85\"\/><\/a><\/figure><\/div>\n\n\n\n<h1 class=\"wp-block-heading\">\n\t\t\n\t\t\n\t\t\t\n\t\t\t\t<a href=\"https:\/\/web.archive.org\/web\/20140103211024\/http:\/\/sackaynagi.co\/postis\/tress_sac-5\"><\/a>\n\t\t\t\n\t\t\t\n\t\t\t\t<a href=\"https:\/\/web.archive.org\/web\/20140103211024\/http:\/\/sackaynagi.co\/postis\/tress_sac-6\"><\/a>\n\t\t\t\n\t\t\t\n\t\t\t\t<a href=\"https:\/\/web.archive.org\/web\/20140103211024\/http:\/\/sackaynagi.co\/postis\/tress_sac-7\"><\/a>\n\t\t\t<br>\n\t\t\t\n\t\t\t\t<a href=\"https:\/\/web.archive.org\/web\/20140103211024\/http:\/\/sackaynagi.co\/postis\/tress_sac-8\"><\/a>\n\t\t\t\n\t\t\t\n\t\t\t\t<a href=\"https:\/\/web.archive.org\/web\/20140103211024\/http:\/\/sackaynagi.co\/postis\/tress_sac-9\"><\/a>\n\t\t\t\n\t\t\t\n\t\t\t\t<a href=\"https:\/\/web.archive.org\/web\/20140103211024\/http:\/\/sackaynagi.co\/postis\/tress_sac-10\"><\/a>\n\t\t\t<br>\n\t\t\t\n\t\t\t\t<a href=\"https:\/\/web.archive.org\/web\/20140103211024\/http:\/\/sackaynagi.co\/postis\/tress_sac-11\"><\/a>\n\t\t\t\n\t\t\t\n\t\t\t\t<a href=\"https:\/\/web.archive.org\/web\/20140103211024\/http:\/\/sackaynagi.co\/postis\/tress_sac-12\"><\/a>\n\t\t\t\n\t\t\t\n\t\t\t\t<a href=\"https:\/\/web.archive.org\/web\/20140103211024\/http:\/\/sackaynagi.co\/postis\/tress_sac-13\"><\/a>\n\t\t\t<br>\n\t\t\t\n\t\t\t\t<a href=\"https:\/\/web.archive.org\/web\/20140103211024\/http:\/\/sackaynagi.co\/postis\/tress_sac-14\"><\/a>\n\t\t\t\n\t\t\t\n\t\t\t\t<a href=\"https:\/\/web.archive.org\/web\/20140103211024\/http:\/\/sackaynagi.co\/postis\/tress_sac-15\"><\/a>\n\t\t\t\n\t\t\t\n\t\t\t\t<a href=\"https:\/\/web.archive.org\/web\/20140103211024\/http:\/\/sackaynagi.co\/postis\/tress_sac-16\"><\/a>\n\t\t\t<br>\n\t\t\t\n\t\t\t\t<a href=\"https:\/\/web.archive.org\/web\/20140103211024\/http:\/\/sackaynagi.co\/postis\/tress_sac-17\"><\/a>\n\t\t\t\n\t\t\t\n\t\t\t\t<a href=\"https:\/\/web.archive.org\/web\/20140103211024\/http:\/\/sackaynagi.co\/postis\/tress_sac-18\"><\/a>\n\t\t\t\n\t\t\t\n\t\t\t\t<a href=\"https:\/\/web.archive.org\/web\/20140103211024\/http:\/\/sackaynagi.co\/postis\/tress_sac-19\"><\/a>\n\t\t\t<br>\n\t\t\t\n\t\t\t\t<a href=\"https:\/\/web.archive.org\/web\/20140103211024\/http:\/\/sackaynagi.co\/postis\/tress_sac-20\"><\/a>\n\t\t\t\n\t\t\t\n\t\t\t\t<a href=\"https:\/\/web.archive.org\/web\/20140103211024\/http:\/\/sackaynagi.co\/postis\/tress_sac-21\"><\/a>\n\t\t\t\n\t\t\t\n\t\t\t\t<a href=\"https:\/\/web.archive.org\/web\/20140103211024\/http:\/\/sackaynagi.co\/postis\/tress_sac-22\"><\/a>\n\t\t\t<br>\n\t\t\t\n\t\t\t\t<a href=\"https:\/\/web.archive.org\/web\/20140103211024\/http:\/\/sackaynagi.co\/postis\/tress_sac-23\"><\/a>\n\t\t\t\n\t\t\t<\/h1>\n","protected":false},"excerpt":{"rendered":"<p>Posti\u015f Sa\u00e7 Sa\u00e7 uzatma sistemlerini incledi\u011fimizde Sa\u00e7 kaynak, \u00c7\u0131t \u00c7\u0131t ve Posti\u015f olarak \u00fc\u00e7 farkl\u0131 sistemde kar\u015f\u0131m\u0131za \u00e7\u0131kmaktad\u0131r. Bu saym\u0131\u015f oldu\u011fum Sa\u00e7 uzatma ve yo\u011funla\u015ft\u0131rma sistemlerinden i\u00e7eleinde en pratik ve k\u0131s\u0131tl\u0131 amaca hizmet eden sa\u00e7 uzatma y\u00f6ntemi Posti\u015f dir.&nbsp; Posti\u015f k\u0131s\u0131tl\u0131 bir kullan\u0131m alan\u0131na sahiptir tepeden atkuyru\u011fu<\/p>\n","protected":false},"author":1,"featured_media":0,"parent":0,"menu_order":0,"comment_status":"closed","ping_status":"closed","template":"","meta":{"footnotes":""},"tags":[14,5,6,13,2,3],"class_list":["post-21","page","type-page","status-publish","hentry","tag-cit-cit","tag-cit-cit-sac","tag-postis","tag-postis-sac","tag-sac-kaynagi","tag-sac-kaynak"],"aioseo_notices":[],"_links":{"self":[{"href":"http:\/\/sackaynagi.co\/index.php\/wp-json\/wp\/v2\/pages\/21","targetHints":{"allow":["GET"]}}],"collection":[{"href":"http:\/\/sackaynagi.co\/index.php\/wp-json\/wp\/v2\/pages"}],"about":[{"href":"http:\/\/sackaynagi.co\/index.php\/wp-json\/wp\/v2\/types\/page"}],"author":[{"embeddable":true,"href":"http:\/\/sackaynagi.co\/index.php\/wp-json\/wp\/v2\/users\/1"}],"replies":[{"embeddable":true,"href":"http:\/\/sackaynagi.co\/index.php\/wp-json\/wp\/v2\/comments?post=21"}],"version-history":[{"count":2,"href":"http:\/\/sackaynagi.co\/index.php\/wp-json\/wp\/v2\/pages\/21\/revisions"}],"predecessor-version":[{"id":38,"href":"http:\/\/sackaynagi.co\/index.php\/wp-json\/wp\/v2\/pages\/21\/revisions\/38"}],"wp:attachment":[{"href":"http:\/\/sackaynagi.co\/index.php\/wp-json\/wp\/v2\/media?parent=21"}],"wp:term":[{"taxonomy":"post_tag","embeddable":true,"href":"http:\/\/sackaynagi.co\/index.php\/wp-json\/wp\/v2\/tags?post=21"}],"curies":[{"name":"wp","href":"https:\/\/api.w.org\/{rel}","templated":true}]}}