{"id":15,"date":"2019-07-20T11:15:36","date_gmt":"2019-07-20T08:15:36","guid":{"rendered":"http:\/\/sackaynagi.co\/?page_id=15"},"modified":"2019-08-22T11:30:37","modified_gmt":"2019-08-22T08:30:37","slug":"cit-cit-sac","status":"publish","type":"page","link":"http:\/\/sackaynagi.co\/index.php\/cit-cit-sac\/","title":{"rendered":"\u00c7\u0131t \u00c7\u0131t Sa\u00e7"},"content":{"rendered":"\n<h4 class=\"wp-block-heading\">\u00c7\u0131t \u00c7\u0131t Sa\u00e7<\/h4>\n\n\n\n<div class=\"wp-block-image\"><figure class=\"alignleft\"><a href=\"https:\/\/web.archive.org\/web\/20140103234540\/http:\/\/www.sackaynagi.co\/wp-content\/uploads\/2010\/08\/Verda-4-copy-copy.jpg\" rel=\"wp-prettyPhoto[15]\"><img decoding=\"async\" src=\"https:\/\/web.archive.org\/web\/20140103234540im_\/http:\/\/www.sackaynagi.co\/wp-content\/uploads\/2010\/08\/Verda-4-copy-copy.jpg\" alt=\"\u00c7\u0131t \u00c7\u0131t Sa\u00e7\" class=\"wp-image-33\"\/><\/a><figcaption> \u00c7\u0131t \u00c7\u0131t Sa\u00e7 <\/figcaption><\/figure><\/div>\n\n\n\n<p>Pratik zahmetsiz uzun ve k\u0131sa vadede ucuz ,kal\u0131c\u0131kal\u0131c\u0131  olmayan istedi\u011fini an ak\u0131p istedi\u011finiz anda \u00e7\u0131karabilece\u011finiz bir sa\u00e7 uzatma ve yo\u011funla\u015ft\u0131rma sistemimi ar\u0131yorsunuz? O zaman<strong> \u00c7\u0131t \u00c7\u0131t Sa\u00e7 <\/strong>sizin i\u00e7in ideal bir sa\u00e7 uzatma sistemidir. \u00c7\u0131t \u00c7\u0131t Sa\u00e7 kolay \u00e7\u0131kar\u0131l\u0131p tak\u0131labildi\u011fi gibi sa\u00e7 kaynak fiyatlar\u0131 ile ilede k\u0131yasald\u0131\u011f\u0131n\u0131zda en  ucuz sa\u00e7 uzatma ve g\u00fcrle\u015ftirme i\u015flemidir.<\/p>\n\n\n\n<p>\u00c7\u0131t \u00c7\u0131t Sa\u00e7 tak\u0131m halinde \u00fcretilip sat\u0131lmas\u0131na ra\u011fmen istedi\u011finiz \nadet sat\u0131n al\u0131p kullanabilirsiniz. \u0130deal bir \u00e7\u0131t \u00e7\u0131t tak\u0131m\u0131 8 par\u00e7a \nsa\u00e7tan olu\u015fmaktad\u0131r.<\/p>\n","protected":false},"excerpt":{"rendered":"<p>\u00c7\u0131t \u00c7\u0131t Sa\u00e7 Pratik zahmetsiz uzun ve k\u0131sa vadede ucuz ,kal\u0131c\u0131kal\u0131c\u0131 olmayan istedi\u011fini an ak\u0131p istedi\u011finiz anda \u00e7\u0131karabilece\u011finiz bir sa\u00e7 uzatma ve yo\u011funla\u015ft\u0131rma sistemimi ar\u0131yorsunuz? O zaman \u00c7\u0131t \u00c7\u0131t Sa\u00e7 sizin i\u00e7in ideal bir sa\u00e7 uzatma sistemidir. \u00c7\u0131t \u00c7\u0131t Sa\u00e7 kolay \u00e7\u0131kar\u0131l\u0131p tak\u0131labildi\u011fi gibi sa\u00e7 kaynak fiyatlar\u0131<\/p>\n","protected":false},"author":1,"featured_media":0,"parent":0,"menu_order":0,"comment_status":"closed","ping_status":"closed","template":"","meta":{"footnotes":""},"tags":[12,5,9,10,11,2],"class_list":["post-15","page","type-page","status-publish","hentry","tag-8-parca-cit-cit-sac-seti","tag-cit-cit-sac","tag-cit-cit-sac-seti","tag-cit-cit-seti","tag-cit-cit-takimi-8-parca","tag-sac-kaynagi"],"aioseo_notices":[],"_links":{"self":[{"href":"http:\/\/sackaynagi.co\/index.php\/wp-json\/wp\/v2\/pages\/15","targetHints":{"allow":["GET"]}}],"collection":[{"href":"http:\/\/sackaynagi.co\/index.php\/wp-json\/wp\/v2\/pages"}],"about":[{"href":"http:\/\/sackaynagi.co\/index.php\/wp-json\/wp\/v2\/types\/page"}],"author":[{"embeddable":true,"href":"http:\/\/sackaynagi.co\/index.php\/wp-json\/wp\/v2\/users\/1"}],"replies":[{"embeddable":true,"href":"http:\/\/sackaynagi.co\/index.php\/wp-json\/wp\/v2\/comments?post=15"}],"version-history":[{"count":2,"href":"http:\/\/sackaynagi.co\/index.php\/wp-json\/wp\/v2\/pages\/15\/revisions"}],"predecessor-version":[{"id":36,"href":"http:\/\/sackaynagi.co\/index.php\/wp-json\/wp\/v2\/pages\/15\/revisions\/36"}],"wp:attachment":[{"href":"http:\/\/sackaynagi.co\/index.php\/wp-json\/wp\/v2\/media?parent=15"}],"wp:term":[{"taxonomy":"post_tag","embeddable":true,"href":"http:\/\/sackaynagi.co\/index.php\/wp-json\/wp\/v2\/tags?post=15"}],"curies":[{"name":"wp","href":"https:\/\/api.w.org\/{rel}","templated":true}]}}